{"id":786,"date":"2022-10-21T20:50:06","date_gmt":"2022-10-21T20:50:06","guid":{"rendered":"https:\/\/distribuidornbn.com.br\/?page_id=786"},"modified":"2023-05-19T12:58:46","modified_gmt":"2023-05-19T12:58:46","slug":"ebook-obrigado","status":"publish","type":"page","link":"https:\/\/distribuidornbn.com.br\/index.php\/ebook-obrigado\/","title":{"rendered":"Ebook &#8211; Obrigado"},"content":{"rendered":"\t\t<div data-elementor-type=\"wp-page\" data-elementor-id=\"786\" class=\"elementor elementor-786\" data-elementor-post-type=\"page\">\n\t\t\t\t<div class=\"elementor-element elementor-element-923ff56 elementor-hidden-desktop elementor-hidden-mobile e-flex e-con-boxed e-con e-parent\" data-id=\"923ff56\" data-element_type=\"container\" data-e-type=\"container\" data-settings=\"{&quot;background_background&quot;:&quot;classic&quot;}\">\n\t\t\t\t\t<div class=\"e-con-inner\">\n\t\t\t\t<div class=\"elementor-element elementor-element-0e867f9 elementor-widget elementor-widget-text-editor\" data-id=\"0e867f9\" data-element_type=\"widget\" data-e-type=\"widget\" data-widget_type=\"text-editor.default\">\n\t\t\t\t<div class=\"elementor-widget-container\">\n\t\t\t\t\t\t\t\t\t<p><strong>PARAB\u00c9NS<\/strong> pelo seu interesse nas Oportunidades de Neg\u00f3cios no Mercado de Suplementos Alimentares! <strong>Aproveite e baixe AGORA seu e-book!<\/strong><\/p>\t\t\t\t\t\t\t\t<\/div>\n\t\t\t\t<\/div>\n\t\t\t\t<div class=\"elementor-element elementor-element-4e8357c elementor-tablet-align-center elementor-mobile-align-center elementor-invisible elementor-widget elementor-widget-button\" data-id=\"4e8357c\" data-element_type=\"widget\" data-e-type=\"widget\" data-settings=\"{&quot;_animation&quot;:&quot;fadeInUp&quot;,&quot;_animation_delay&quot;:400}\" data-widget_type=\"button.default\">\n\t\t\t\t<div class=\"elementor-widget-container\">\n\t\t\t\t\t\t\t\t\t<div class=\"elementor-button-wrapper\">\n\t\t\t\t\t<a class=\"elementor-button elementor-button-link elementor-size-md elementor-animation-bob\" href=\"https:\/\/distribuidornbn.com.br\/wp-content\/uploads\/2022\/11\/NBN-E-book-Oportunidade-de-Ngocios-no-Mercado-de-Suplementos-Alimentares.pdf\" download=\"\" id=\"botao1\">\n\t\t\t\t\t\t<span class=\"elementor-button-content-wrapper\">\n\t\t\t\t\t\t\t\t\t<span class=\"elementor-button-text\">BAIXAR O E-BOOK<\/span>\n\t\t\t\t\t<\/span>\n\t\t\t\t\t<\/a>\n\t\t\t\t<\/div>\n\t\t\t\t\t\t\t\t<\/div>\n\t\t\t\t<\/div>\n\t\t\t\t<div class=\"elementor-element elementor-element-b891e91 elementor-widget elementor-widget-text-editor\" data-id=\"b891e91\" data-element_type=\"widget\" data-e-type=\"widget\" data-widget_type=\"text-editor.default\">\n\t\t\t\t<div class=\"elementor-widget-container\">\n\t\t\t\t\t\t\t\t\t<p>E, tamb\u00e9m, voc\u00ea pode saber mais sobre a<strong> Oportunidade NBN<\/strong> para voc\u00ea ter seu <strong>Neg\u00f3cio Pr\u00f3prio<\/strong> <strong>empreendendo<\/strong> com o Suplemento GENOXIDIL, <span style=\"text-decoration: underline; color: #3366ff;\"><a style=\"color: #3366ff; text-decoration: underline;\" href=\"https:\/\/distribuidornbn.com.br\/index.php\/lp-genoxidil\/\">acesse aqui.<\/a><\/span><\/p>\t\t\t\t\t\t\t\t<\/div>\n\t\t\t\t<\/div>\n\t\t\t\t\t<\/div>\n\t\t\t\t<\/div>\n\t\t\t\t<section class=\"elementor-section elementor-top-section elementor-element elementor-element-fcf3a9e elementor-hidden-tablet elementor-section-boxed elementor-section-height-default elementor-section-height-default\" data-id=\"fcf3a9e\" data-element_type=\"section\" data-e-type=\"section\" data-settings=\"{&quot;background_background&quot;:&quot;classic&quot;}\">\n\t\t\t\t\t\t<div class=\"elementor-container elementor-column-gap-default\">\n\t\t\t\t\t<div class=\"elementor-column elementor-col-100 elementor-top-column elementor-element elementor-element-cf821f7\" data-id=\"cf821f7\" data-element_type=\"column\" data-e-type=\"column\">\n\t\t\t<div class=\"elementor-widget-wrap elementor-element-populated\">\n\t\t\t\t\t\t<div class=\"elementor-element elementor-element-04b5450 elementor-widget elementor-widget-text-editor\" data-id=\"04b5450\" data-element_type=\"widget\" data-e-type=\"widget\" data-widget_type=\"text-editor.default\">\n\t\t\t\t<div class=\"elementor-widget-container\">\n\t\t\t\t\t\t\t\t\t<p><strong>PARAB\u00c9NS<\/strong> pelo seu interesse nas Oportunidades de Neg\u00f3cios no Mercado de Suplementos Alimentares! <strong>Aproveite e baixe AGORA seu e-book!<\/strong><\/p>\t\t\t\t\t\t\t\t<\/div>\n\t\t\t\t<\/div>\n\t\t\t\t<div class=\"elementor-element elementor-element-985ec25 elementor-tablet-align-center elementor-mobile-align-center elementor-invisible elementor-widget elementor-widget-button\" data-id=\"985ec25\" data-element_type=\"widget\" data-e-type=\"widget\" data-settings=\"{&quot;_animation&quot;:&quot;fadeInUp&quot;,&quot;_animation_delay&quot;:400}\" data-widget_type=\"button.default\">\n\t\t\t\t<div class=\"elementor-widget-container\">\n\t\t\t\t\t\t\t\t\t<div class=\"elementor-button-wrapper\">\n\t\t\t\t\t<a class=\"elementor-button elementor-button-link elementor-size-md elementor-animation-bob\" href=\"https:\/\/drive.google.com\/file\/d\/1SGMLkjOAuky5KS4r9yfy_s72olO-H1nS\/view\" download=\"\" id=\"botao1\">\n\t\t\t\t\t\t<span class=\"elementor-button-content-wrapper\">\n\t\t\t\t\t\t\t\t\t<span class=\"elementor-button-text\">BAIXAR O E-BOOK<\/span>\n\t\t\t\t\t<\/span>\n\t\t\t\t\t<\/a>\n\t\t\t\t<\/div>\n\t\t\t\t\t\t\t\t<\/div>\n\t\t\t\t<\/div>\n\t\t\t\t<div class=\"elementor-element elementor-element-e20b698 elementor-widget elementor-widget-text-editor\" data-id=\"e20b698\" data-element_type=\"widget\" data-e-type=\"widget\" data-widget_type=\"text-editor.default\">\n\t\t\t\t<div class=\"elementor-widget-container\">\n\t\t\t\t\t\t\t\t\t<p>E, tamb\u00e9m, voc\u00ea pode saber mais sobre a<strong> Oportunidade NBN<\/strong> para voc\u00ea ter seu <strong>Neg\u00f3cio Pr\u00f3prio<\/strong> <strong>empreendendo<\/strong> com o Suplemento GENOXIDIL, <span style=\"text-decoration: underline; color: #3366ff;\"><a style=\"color: #3366ff; text-decoration: underline;\" href=\"https:\/\/distribuidornbn.com.br\/index.php\/lp-genoxidil\/\">acesse aqui.<\/a><\/span><\/p>\t\t\t\t\t\t\t\t<\/div>\n\t\t\t\t<\/div>\n\t\t\t\t\t<\/div>\n\t\t<\/div>\n\t\t\t\t\t<\/div>\n\t\t<\/section>\n\t\t\t\t<section class=\"elementor-section elementor-top-section elementor-element elementor-element-b410833 elementor-section-boxed elementor-section-height-default elementor-section-height-default\" data-id=\"b410833\" data-element_type=\"section\" data-e-type=\"section\" data-settings=\"{&quot;background_background&quot;:&quot;classic&quot;}\">\n\t\t\t\t\t\t<div class=\"elementor-container elementor-column-gap-default\">\n\t\t\t\t\t<div class=\"elementor-column elementor-col-100 elementor-top-column elementor-element elementor-element-1fe470a\" data-id=\"1fe470a\" data-element_type=\"column\" data-e-type=\"column\">\n\t\t\t<div class=\"elementor-widget-wrap elementor-element-populated\">\n\t\t\t\t\t\t<div class=\"elementor-element elementor-element-884f744 elementor-widget elementor-widget-text-editor\" data-id=\"884f744\" data-element_type=\"widget\" data-e-type=\"widget\" data-widget_type=\"text-editor.default\">\n\t\t\t\t<div class=\"elementor-widget-container\">\n\t\t\t\t\t\t\t\t\t<p>Av. Comendador Vicente de Paulo Penido, 564<br \/>Jd Aquarius<br \/>S\u00e3o Jos\u00e9 dos Campos &#8211; SP<br \/>CEP 12246-856<\/p>\t\t\t\t\t\t\t\t<\/div>\n\t\t\t\t<\/div>\n\t\t\t\t<div class=\"elementor-element elementor-element-3706134 elementor-widget elementor-widget-text-editor\" data-id=\"3706134\" data-element_type=\"widget\" data-e-type=\"widget\" data-widget_type=\"text-editor.default\">\n\t\t\t\t<div class=\"elementor-widget-container\">\n\t\t\t\t\t\t\t\t\t<p><a href=\"https:\/\/distribuidornbn.com.br\/?page_id=3\">Pol\u00edtica de Privacidade<\/a> \u00ae Todos os direitos reservados<\/p>\t\t\t\t\t\t\t\t<\/div>\n\t\t\t\t<\/div>\n\t\t\t\t\t<\/div>\n\t\t<\/div>\n\t\t\t\t\t<\/div>\n\t\t<\/section>\n\t\t\t\t<\/div>\n\t\t","protected":false},"excerpt":{"rendered":"<p>PARAB\u00c9NS pelo seu interesse nas Oportunidades de Neg\u00f3cios no Mercado de Suplementos Alimentares! Aproveite e baixe AGORA seu e-book! BAIXAR O E-BOOK E, tamb\u00e9m, voc\u00ea pode saber mais sobre a Oportunidade NBN para voc\u00ea ter seu Neg\u00f3cio Pr\u00f3prio empreendendo com o Suplemento GENOXIDIL, acesse aqui. PARAB\u00c9NS pelo seu interesse nas Oportunidades de Neg\u00f3cios no Mercado [&hellip;]<\/p>\n","protected":false},"author":1,"featured_media":0,"parent":0,"menu_order":0,"comment_status":"closed","ping_status":"closed","template":"elementor_canvas","meta":{"_monsterinsights_skip_tracking":false,"_monsterinsights_sitenote_active":false,"_monsterinsights_sitenote_note":"","_monsterinsights_sitenote_category":0,"_joinchat":[],"footnotes":""},"class_list":["post-786","page","type-page","status-publish","hentry"],"_links":{"self":[{"href":"https:\/\/distribuidornbn.com.br\/index.php\/wp-json\/wp\/v2\/pages\/786","targetHints":{"allow":["GET"]}}],"collection":[{"href":"https:\/\/distribuidornbn.com.br\/index.php\/wp-json\/wp\/v2\/pages"}],"about":[{"href":"https:\/\/distribuidornbn.com.br\/index.php\/wp-json\/wp\/v2\/types\/page"}],"author":[{"embeddable":true,"href":"https:\/\/distribuidornbn.com.br\/index.php\/wp-json\/wp\/v2\/users\/1"}],"replies":[{"embeddable":true,"href":"https:\/\/distribuidornbn.com.br\/index.php\/wp-json\/wp\/v2\/comments?post=786"}],"version-history":[{"count":106,"href":"https:\/\/distribuidornbn.com.br\/index.php\/wp-json\/wp\/v2\/pages\/786\/revisions"}],"predecessor-version":[{"id":3028,"href":"https:\/\/distribuidornbn.com.br\/index.php\/wp-json\/wp\/v2\/pages\/786\/revisions\/3028"}],"wp:attachment":[{"href":"https:\/\/distribuidornbn.com.br\/index.php\/wp-json\/wp\/v2\/media?parent=786"}],"curies":[{"name":"wp","href":"https:\/\/api.w.org\/{rel}","templated":true}]}}