{"id":172,"date":"2022-09-20T21:06:35","date_gmt":"2022-09-20T21:06:35","guid":{"rendered":"https:\/\/distribuidornbn.com.br\/?page_id=172"},"modified":"2023-05-23T20:33:28","modified_gmt":"2023-05-23T20:33:28","slug":"genoxidil-obrigado","status":"publish","type":"page","link":"https:\/\/distribuidornbn.com.br\/index.php\/genoxidil-obrigado\/","title":{"rendered":"Genoxidil &#8211; Obrigado"},"content":{"rendered":"\t\t<div data-elementor-type=\"wp-page\" data-elementor-id=\"172\" class=\"elementor elementor-172\" data-elementor-post-type=\"page\">\n\t\t\t\t\t\t<section class=\"elementor-section elementor-top-section elementor-element elementor-element-fcf3a9e elementor-section-boxed elementor-section-height-default elementor-section-height-default\" data-id=\"fcf3a9e\" data-element_type=\"section\" data-e-type=\"section\" data-settings=\"{&quot;background_background&quot;:&quot;classic&quot;}\">\n\t\t\t\t\t\t<div class=\"elementor-container elementor-column-gap-default\">\n\t\t\t\t\t<div class=\"elementor-column elementor-col-100 elementor-top-column elementor-element elementor-element-cf821f7\" data-id=\"cf821f7\" data-element_type=\"column\" data-e-type=\"column\">\n\t\t\t<div class=\"elementor-widget-wrap elementor-element-populated\">\n\t\t\t\t\t\t<div class=\"elementor-element elementor-element-c17659f elementor-widget__width-initial elementor-widget elementor-widget-heading\" data-id=\"c17659f\" data-element_type=\"widget\" data-e-type=\"widget\" data-widget_type=\"heading.default\">\n\t\t\t\t<div class=\"elementor-widget-container\">\n\t\t\t\t\t<h2 class=\"elementor-heading-title elementor-size-default\">Excelente!<\/h2>\t\t\t\t<\/div>\n\t\t\t\t<\/div>\n\t\t\t\t<div class=\"elementor-element elementor-element-04b5450 elementor-widget elementor-widget-text-editor\" data-id=\"04b5450\" data-element_type=\"widget\" data-e-type=\"widget\" data-widget_type=\"text-editor.default\">\n\t\t\t\t<div class=\"elementor-widget-container\">\n\t\t\t\t\t\t\t\t\t<p>Voc\u00ea deu seu primeiro passo rumo ao seu sucesso pessoal e profissional! Em breve um de nossos consultores entrar\u00e1 em contato para apresentar detalhes da Oportunidade NBN!<\/p><p><strong>PR\u00c9-CADASTRO:<\/strong> Caso voc\u00ea j\u00e1 tenha tomado sua decis\u00e3o de ter seu pr\u00f3prio neg\u00f3cio e quer ser um <strong>Distribuidor NBN<\/strong>, ent\u00e3o garanta sua posi\u00e7\u00e3o realizando seu pr\u00e9-cadastro!<\/p>\t\t\t\t\t\t\t\t<\/div>\n\t\t\t\t<\/div>\n\t\t\t\t<div class=\"elementor-element elementor-element-081eda7 elementor-mobile-align-center elementor-widget elementor-widget-button\" data-id=\"081eda7\" data-element_type=\"widget\" data-e-type=\"widget\" data-widget_type=\"button.default\">\n\t\t\t\t<div class=\"elementor-widget-container\">\n\t\t\t\t\t\t\t\t\t<div class=\"elementor-button-wrapper\">\n\t\t\t\t\t<a class=\"elementor-button elementor-button-link elementor-size-xl elementor-animation-bob\" href=\"https:\/\/wa.link\/22rcvv\">\n\t\t\t\t\t\t<span class=\"elementor-button-content-wrapper\">\n\t\t\t\t\t\t\t\t\t<span class=\"elementor-button-text\">ESTOU PRONTO!<\/span>\n\t\t\t\t\t<\/span>\n\t\t\t\t\t<\/a>\n\t\t\t\t<\/div>\n\t\t\t\t\t\t\t\t<\/div>\n\t\t\t\t<\/div>\n\t\t\t\t\t<\/div>\n\t\t<\/div>\n\t\t\t\t\t<\/div>\n\t\t<\/section>\n\t\t\t\t<\/div>\n\t\t","protected":false},"excerpt":{"rendered":"<p>Excelente! Voc\u00ea deu seu primeiro passo rumo ao seu sucesso pessoal e profissional! Em breve um de nossos consultores entrar\u00e1 em contato para apresentar detalhes da Oportunidade NBN! PR\u00c9-CADASTRO: Caso voc\u00ea j\u00e1 tenha tomado sua decis\u00e3o de ter seu pr\u00f3prio neg\u00f3cio e quer ser um Distribuidor NBN, ent\u00e3o garanta sua posi\u00e7\u00e3o realizando seu pr\u00e9-cadastro! ESTOU [&hellip;]<\/p>\n","protected":false},"author":1,"featured_media":0,"parent":0,"menu_order":0,"comment_status":"closed","ping_status":"closed","template":"elementor_canvas","meta":{"_monsterinsights_skip_tracking":false,"_monsterinsights_sitenote_active":false,"_monsterinsights_sitenote_note":"","_monsterinsights_sitenote_category":0,"_joinchat":[],"footnotes":""},"class_list":["post-172","page","type-page","status-publish","hentry"],"_links":{"self":[{"href":"https:\/\/distribuidornbn.com.br\/index.php\/wp-json\/wp\/v2\/pages\/172","targetHints":{"allow":["GET"]}}],"collection":[{"href":"https:\/\/distribuidornbn.com.br\/index.php\/wp-json\/wp\/v2\/pages"}],"about":[{"href":"https:\/\/distribuidornbn.com.br\/index.php\/wp-json\/wp\/v2\/types\/page"}],"author":[{"embeddable":true,"href":"https:\/\/distribuidornbn.com.br\/index.php\/wp-json\/wp\/v2\/users\/1"}],"replies":[{"embeddable":true,"href":"https:\/\/distribuidornbn.com.br\/index.php\/wp-json\/wp\/v2\/comments?post=172"}],"version-history":[{"count":92,"href":"https:\/\/distribuidornbn.com.br\/index.php\/wp-json\/wp\/v2\/pages\/172\/revisions"}],"predecessor-version":[{"id":3055,"href":"https:\/\/distribuidornbn.com.br\/index.php\/wp-json\/wp\/v2\/pages\/172\/revisions\/3055"}],"wp:attachment":[{"href":"https:\/\/distribuidornbn.com.br\/index.php\/wp-json\/wp\/v2\/media?parent=172"}],"curies":[{"name":"wp","href":"https:\/\/api.w.org\/{rel}","templated":true}]}}