{"id":1187,"date":"2022-11-08T13:12:57","date_gmt":"2022-11-08T13:12:57","guid":{"rendered":"https:\/\/distribuidornbn.com.br\/?page_id=1187"},"modified":"2024-07-06T15:52:08","modified_gmt":"2024-07-06T18:52:08","slug":"lp-genoxidil-mulheres","status":"publish","type":"page","link":"https:\/\/distribuidornbn.com.br\/index.php\/lp-genoxidil-mulheres\/","title":{"rendered":"LP Genoxidil &#8211; mulheres"},"content":{"rendered":"<style>\/*! elementor - v3.7.8 - 02-10-2022 *\/\n.elementor-heading-title{padding:0;margin:0;line-height:1}.elementor-widget-heading .elementor-heading-title[class*=elementor-size-]>a{color:inherit;font-size:inherit;line-height:inherit}.elementor-widget-heading .elementor-heading-title.elementor-size-small{font-size:15px}.elementor-widget-heading .elementor-heading-title.elementor-size-medium{font-size:19px}.elementor-widget-heading .elementor-heading-title.elementor-size-large{font-size:29px}.elementor-widget-heading .elementor-heading-title.elementor-size-xl{font-size:39px}.elementor-widget-heading .elementor-heading-title.elementor-size-xxl{font-size:59px}<\/style>\n<h2>Descubra como milhares de mulheres possuem seu pr\u00f3prio neg\u00f3cio \u00e0 partir de casa.<\/h2>\n<p>Empreenda no mercado da sa\u00fade, um dos maiores do mundo, com um investimento extremamente baixo e acess\u00edvel a qualquer mulher disposta a ser dona do seu pr\u00f3prio caminho.<\/p>\n<p>\t\t\t<a href=\"#form\" role=\"button\" id=\"botao1\"><br \/>\n\t\t\t\t\t\tQUERO EMPREENDER<br \/>\n\t\t\t\t\t<\/a><\/p>\n<h3><strong>Voc\u00ea n\u00e3o possui estabilidade financeira e seu tempo \u00e9 gerenciado por outras pessoas?<\/strong><\/h3>\n<h5>Se a sua resposta for sim, n\u00f3s podemos te ajudar, voc\u00ea\u00a0 precisa de disciplina e determina\u00e7\u00e3o, n\u00f3s te daremos todo treinamento e suporte necess\u00e1rio.<\/h5>\n<p>https:\/\/www.youtube.com\/watch?v=SY407OgkEws&#038;ab_channel=NBNLIVINGBRASILOFICIAL\t\t<\/p>\n<style>\/*! elementor - v3.7.8 - 02-10-2022 *\/\n.elementor-widget-image{text-align:center}.elementor-widget-image a{display:inline-block}.elementor-widget-image a img[src$=\".svg\"]{width:48px}.elementor-widget-image img{vertical-align:middle;display:inline-block}<\/style>\n<p>\t\t\t\t\t\t\t\t\t\t\t\t<img loading=\"lazy\" decoding=\"async\" width=\"580\" height=\"362\" src=\"https:\/\/distribuidornbn.com.br\/wp-content\/uploads\/2022\/10\/Quadro-beneficios-2-1536x959.png\" alt=\"\" loading=\"lazy\" srcset=\"https:\/\/distribuidornbn.com.br\/wp-content\/uploads\/2022\/10\/Quadro-beneficios-2-1536x959.png 1536w, https:\/\/distribuidornbn.com.br\/wp-content\/uploads\/2022\/10\/Quadro-beneficios-2-300x187.png 300w, https:\/\/distribuidornbn.com.br\/wp-content\/uploads\/2022\/10\/Quadro-beneficios-2-1024x639.png 1024w, https:\/\/distribuidornbn.com.br\/wp-content\/uploads\/2022\/10\/Quadro-beneficios-2-768x480.png 768w, https:\/\/distribuidornbn.com.br\/wp-content\/uploads\/2022\/10\/Quadro-beneficios-2-1200x749.png 1200w, https:\/\/distribuidornbn.com.br\/wp-content\/uploads\/2022\/10\/Quadro-beneficios-2.png 1920w\" sizes=\"auto, (max-width: 580px) 100vw, 580px\" \/><br \/>\n\t\t\t\t\t\t\t\t\t\t\t\t\t\t\t<img loading=\"lazy\" decoding=\"async\" width=\"401\" height=\"2048\" src=\"https:\/\/distribuidornbn.com.br\/wp-content\/uploads\/2022\/10\/Quadro-beneficios-mobile-1-1-401x2048.png\" alt=\"\" loading=\"lazy\" srcset=\"https:\/\/distribuidornbn.com.br\/wp-content\/uploads\/2022\/10\/Quadro-beneficios-mobile-1-1-401x2048.png 401w, https:\/\/distribuidornbn.com.br\/wp-content\/uploads\/2022\/10\/Quadro-beneficios-mobile-1-1-59x300.png 59w\" sizes=\"auto, (max-width: 401px) 100vw, 401px\" \/>\t\t\t\t\t\t\t\t\t\t\t\t\t\t\t<\/p>\n<h4><strong>Voc\u00ea est\u00e1 prestes a conhecer um produto que j\u00e1 foi validado em mais de 75 pa\u00edses.<\/strong><\/h4>\n<h5><strong>Com +20 ingredientes com origem de 22 pa\u00edses diferentes.<\/strong><\/h5>\n<p>Conhe\u00e7a <b>nosso suplemento alimentar que traz em sua composi\u00e7\u00e3o in\u00fameros ativos para que voc\u00ea se mantenha com a imunidade alta e sua sa\u00fade em dia<\/b>, um produto para sua qualidade de vida e bem-estar.<\/p>\n<h2>Genoxidil<\/h2>\n<p>Protein NRF2<\/p>\n<p><strong>Este produto possui nanotecnologia<\/strong> que trabalha a n\u00edvel Mitoc\u00f4ndrial e Gen\u00e9tico, cuidando dos teus genes, cromossomos e NrF2. Al\u00e9m de trabalhar contra o envelhecimento precoce das c\u00e9lulas.<\/p>\n<p>O Genoxidil tamb\u00e9m conhecido como o \u201ctablete mais completo do planeta\u201d \u00e9 um suplemento alimentar importado do M\u00e9xico, onde j\u00e1 se encontra no mercado mundial h\u00e1 4 anos, beneficiando milh\u00f5es de pessoas, fabricado em nossos laborat\u00f3rios pr\u00f3prios, composto de vitaminas, minerais e fitonutrientes, onde a mat\u00e9ria prima \u00e9 100% org\u00e2nica.<\/p>\n<p>Nosso suplemento alimentar cont\u00e9m 5 sistemas:<\/p>\n<p><img decoding=\"async\" role=\"img\" draggable=\"false\" src=\"https:\/\/s.w.org\/images\/core\/emoji\/14.0.0\/svg\/2705.svg\" alt=\"\u2705\" width=\"42\" height=\"42\" \/>Antioxidante;<\/p>\n<p><img decoding=\"async\" role=\"img\" draggable=\"false\" src=\"https:\/\/s.w.org\/images\/core\/emoji\/14.0.0\/svg\/2705.svg\" alt=\"\u2705\" \/>Anti-idade;<\/p>\n<p><img decoding=\"async\" role=\"img\" draggable=\"false\" src=\"https:\/\/s.w.org\/images\/core\/emoji\/14.0.0\/svg\/2705.svg\" alt=\"\u2705\" \/>Imunizante;<\/p>\n<p><img decoding=\"async\" role=\"img\" draggable=\"false\" src=\"https:\/\/s.w.org\/images\/core\/emoji\/14.0.0\/svg\/2705.svg\" alt=\"\u2705\" \/>Nutri\u00e7\u00e3o Celular;<\/p>\n<p><img decoding=\"async\" role=\"img\" draggable=\"false\" src=\"https:\/\/s.w.org\/images\/core\/emoji\/14.0.0\/svg\/2705.svg\" alt=\"\u2705\" \/>Desintoxica\u00e7\u00e3o.<\/p>\n<p>\t\t\t\t\t\t\t\t\t\t\t\t\t\t\t<img loading=\"lazy\" decoding=\"async\" width=\"580\" height=\"521\" src=\"https:\/\/distribuidornbn.com.br\/wp-content\/uploads\/2022\/09\/genoxidil-1-1024x920.png\" alt=\"\" loading=\"lazy\" srcset=\"https:\/\/distribuidornbn.com.br\/wp-content\/uploads\/2022\/09\/genoxidil-1-1024x920.png 1024w, https:\/\/distribuidornbn.com.br\/wp-content\/uploads\/2022\/09\/genoxidil-1-300x269.png 300w, https:\/\/distribuidornbn.com.br\/wp-content\/uploads\/2022\/09\/genoxidil-1-768x690.png 768w, https:\/\/distribuidornbn.com.br\/wp-content\/uploads\/2022\/09\/genoxidil-1.png 1080w\" sizes=\"auto, (max-width: 580px) 100vw, 580px\" \/>\t\t\t\t\t\t\t\t\t\t\t\t\t\t\t<\/p>\n<p><strong>Cont\u00e9m nesse produto inovador:<\/strong><br \/>Espirulina, \u00e1cido asc\u00f3rbico, niacinamida, licopeno de tomate, \u00e9steres de astaxantina de Hoematocaccus pluvialis, pantotenato de c\u00e1lcio, trans-resveratrol sint\u00e9tico, piridoxina, riboflavina, tiamina mononitrato, retinol, \u00e1cido f\u00f3lico, biotina, fitomenadiona, cianocobalamina, agente de massa celulose microcristalina, antiumectante fosfato tric\u00e1lcico, estabilizante polivinilpirrolidona\u00a0 e corantes clorofila e curcumina.<\/p>\n<p><b>O que voc\u00ea ganha empreendendo conosco?<\/b><\/p>\n<ul>\n<li style=\"font-weight: 400;\" aria-level=\"1\">A oportunidade de lucrar com uma multinacional legalmente estabelecida em mais de 75 pa\u00edses, operacional em 18 pa\u00edses nos principais continentes.\n<\/li>\n<li style=\"font-weight: 400;\" aria-level=\"1\">Poder\u00e1 empreender a partir de casa ap\u00f3s receber os treinamentos t\u00e9cnicos e comerciais disponibilizados de forma presencial ou online.\n<\/li>\n<li style=\"font-weight: 400;\" aria-level=\"1\">Suporte de especialistas localizados na sede NBN em S\u00e3o Jos\u00e9 dos Campos &#8211; SP, para apoio de marketing e vendas e de uma profissional de nutri\u00e7\u00e3o.\n<\/li>\n<li style=\"font-weight: 400;\" aria-level=\"1\">Caso prefira, tamb\u00e9m poder\u00e1 usar o ambiente da sede da NBN como base operacional de suas atividades comerciais de forma\u00e7\u00e3o de carteira de clientes.\n<\/li>\n<li style=\"font-weight: 400;\" aria-level=\"1\">Se seu perfil empreendedor permitir e for de seu interesse, voc\u00ea tamb\u00e9m aprender\u00e1 a desenvolver sua pr\u00f3pria equipe de vendas e ser\u00e1 capacitado para lider\u00e1-los!\n<\/li>\n<li style=\"font-weight: 400;\" aria-level=\"1\">Faturar com um produto lucrativo, com benef\u00edcios comprovados para a sa\u00fade e bem-estar num mercado em forte expans\u00e3o.\n<\/li>\n<li style=\"font-weight: 400;\" aria-level=\"1\">Com o seu desenvolvimento pessoal e profissional voc\u00ea ter\u00e1 a op\u00e7\u00e3o de atuar em quaisquer dos pa\u00edses onde a NBN est\u00e1 estabelecida!\n<\/li>\n<li style=\"font-weight: 400;\" aria-level=\"1\">Acesso a pr\u00eamios e reconhecimentos por resultados gerados.<\/li>\n<\/ul>\n<p>\t\t\t\t\t\t\t\t\t\t\t\t\t\t\t<img loading=\"lazy\" decoding=\"async\" width=\"580\" height=\"580\" src=\"https:\/\/distribuidornbn.com.br\/wp-content\/uploads\/2022\/11\/moca-1024x1024.png\" alt=\"\" loading=\"lazy\" srcset=\"https:\/\/distribuidornbn.com.br\/wp-content\/uploads\/2022\/11\/moca-1024x1024.png 1024w, https:\/\/distribuidornbn.com.br\/wp-content\/uploads\/2022\/11\/moca-300x300.png 300w, https:\/\/distribuidornbn.com.br\/wp-content\/uploads\/2022\/11\/moca-150x150.png 150w, https:\/\/distribuidornbn.com.br\/wp-content\/uploads\/2022\/11\/moca-768x768.png 768w, https:\/\/distribuidornbn.com.br\/wp-content\/uploads\/2022\/11\/moca.png 1080w\" sizes=\"auto, (max-width: 580px) 100vw, 580px\" \/>\t\t\t\t\t\t\t\t\t\t\t\t\t\t\t<\/p>\n<h2>Quais s\u00e3o as vantagens?<\/h2>\n<p>\u2705 Lucro a partir de 50%;<\/p>\n<p>\u2705 Produto exclusivo e de alto impacto na melhora da sa\u00fade;<\/p>\n<p>\u2705 Estrutura e treinamentos gratuitos;<\/p>\n<p>\u2705 Escrit\u00f3rio virtual intuitivo;<\/p>\n<p>\u2705 Treinamento e capacita\u00e7\u00e3o;<\/p>\n<p>\u2705 Investimento de baixo custo;<\/p>\n<p>\u2705 Acesso a todos os comissionamentos e premia\u00e7\u00f5es.<\/p>\n<p>\t\t\t<a href=\"#form\" role=\"button\" id=\"botao1\"><br \/>\n\t\t\t\t\t\tQUERO MEU NEG\u00d3CIO<br \/>\n\t\t\t\t\t<\/a><\/p>\n<p><strong>O qu\u00e3o grande \u00e9 o mercado de suplementos alimentares?<\/strong><\/p>\n<p>Um estudo recente publicado pela FMI (Future Market Insights) apontou que o mercado Global deve crescer num ritmo de 7,5% ao ano e ultrapassar a cifra de US$ 250 bilh\u00f5es em 2025.\u00a0<\/p>\n<p>A Abiad \u2013 Associa\u00e7\u00e3o Brasileiras da Ind\u00fastria de Alimentos para Fins Especiais e Cong\u00eaneres \u2013 deu visibilidade para a segunda edi\u00e7\u00e3o da Pesquisa de Mercado ABIAD \u201cH\u00e1bitos de Consumo de Suplementos Alimentares no Brasil\u201d &#8211; 2020, realizada pela Toledo &amp; Associados e disponibilizada <a style=\"color: #ffffff;\" href=\"https:\/\/abiad.org.br\/pesquisa-de-mercado-suplementos-alimentares\/\" target=\"_blank\" rel=\"noopener\">clicando aqui<\/a>:<\/p>\n<p>Aponta os seguintes dados:<\/p>\n<p>&#8211;\u00a0 <strong>59%<\/strong> dos lares brasileiros possuem, no m\u00ednimo, uma pessoa consumindo suplementos alimentares. Em rela\u00e7\u00e3o a edi\u00e7\u00e3o de 2015, o n\u00famero de lares com consumidores aumentou em <strong>10%<\/strong>;<\/p>\n<p>&#8211;\u00a0 <strong>28%<\/strong> dos entrevistados afirmam que os suplementos aumentam a disposi\u00e7\u00e3o f\u00edsica. Consumo com responsabilidade e incorpora\u00e7\u00e3o de h\u00e1bitos saud\u00e1veis tamb\u00e9m cresceu no per\u00edodo;<\/p>\n<p>&#8211;\u00a0 Um h\u00e1bito maior entre as mulheres; os <strong>71%<\/strong> dos entrevistados se consultam com m\u00e9dicos e <strong>24%<\/strong> com nutricionistas;<\/p>\n<p>&#8211;\u00a0 <strong>98%<\/strong> dos entrevistados est\u00e3o satisfeitos com o uso de Suplementos Alimentares;<\/p>\n<p>&#8211;\u00a0 <strong>90%<\/strong> entendem que suplementos s\u00e3o complementos da Alimenta\u00e7\u00e3o;<\/p>\n<p>&#8211;\u00a0 <strong>85%<\/strong> consomem suplementos pelo fator sa\u00fade;<\/p>\n<p>&#8211;\u00a0 <strong>51%<\/strong> consomem suplementos por recomenda\u00e7\u00e3o de profissionais de sa\u00fade;<\/p>\n<p>&#8211;\u00a0 <strong>69%<\/strong> praticam atividades esportivas.<\/p>\n<p>O estudo complementar, \u201cPesquisa de Mercado ABIAD \u2013 Comportamento dos Consumidores de Suplementos Alimentares durante a pandemia de Covid-19\u201d, realizada tamb\u00e9m pela Toledo &amp; Associados, aponta que entre os consumidores de suplementos, foi registrado um aumento de <strong>48%<\/strong> destes produtos durante a quarentena, sendo que <strong>42%<\/strong> consumiram visando fortalecer a alimenta\u00e7\u00e3o e <strong>91%<\/strong> a imunidade; e <strong>70%<\/strong> dos entrevistados, declararam que continuar\u00e3o consumindo os produtos.<\/p>\n<p>\t\t\t<a href=\"#form\" role=\"button\" id=\"botao1\"><br \/>\n\t\t\t\t\t\tQUERO MEU NEG\u00d3CIO<br \/>\n\t\t\t\t\t<\/a><\/p>\n<h2>Com apenas R$720,00 voc\u00ea j\u00e1 pode iniciar seu neg\u00f3cio!<\/h2>\n<p>Cadastre-se agora mesmo e n\u00e3o deixe a oportunidade de ter o seu pr\u00f3prio neg\u00f3cio!<\/p>\n<p>Av. Comendador Vicente de Paulo Penido, 564<br \/>Jd Aquarius<br \/>S\u00e3o Jos\u00e9 dos Campos &#8211; SP<br \/>CEP 12246-856<\/p>\n<p><a style=\"color: #ffffff; text-decoration: underline;\" href=\"https:\/\/distribuidornbn.com.br\/?page_id=3\">Pol\u00edtica de Privacidade<\/a> \u00ae Todos os direitos reservados<\/p>\n","protected":false},"excerpt":{"rendered":"<p>Descubra como milhares de mulheres possuem seu pr\u00f3prio neg\u00f3cio \u00e0 partir de casa. Empreenda no mercado da sa\u00fade, um dos maiores do mundo, com um investimento extremamente baixo e acess\u00edvel a qualquer mulher disposta a ser dona do seu pr\u00f3prio caminho. QUERO EMPREENDER Voc\u00ea n\u00e3o possui estabilidade financeira e seu tempo \u00e9 gerenciado por outras [&hellip;]<\/p>\n","protected":false},"author":1,"featured_media":0,"parent":0,"menu_order":0,"comment_status":"closed","ping_status":"closed","template":"elementor_canvas","meta":{"_monsterinsights_skip_tracking":false,"_monsterinsights_sitenote_active":false,"_monsterinsights_sitenote_note":"","_monsterinsights_sitenote_category":0,"_joinchat":[],"footnotes":""},"class_list":["post-1187","page","type-page","status-publish","hentry"],"_links":{"self":[{"href":"https:\/\/distribuidornbn.com.br\/index.php\/wp-json\/wp\/v2\/pages\/1187","targetHints":{"allow":["GET"]}}],"collection":[{"href":"https:\/\/distribuidornbn.com.br\/index.php\/wp-json\/wp\/v2\/pages"}],"about":[{"href":"https:\/\/distribuidornbn.com.br\/index.php\/wp-json\/wp\/v2\/types\/page"}],"author":[{"embeddable":true,"href":"https:\/\/distribuidornbn.com.br\/index.php\/wp-json\/wp\/v2\/users\/1"}],"replies":[{"embeddable":true,"href":"https:\/\/distribuidornbn.com.br\/index.php\/wp-json\/wp\/v2\/comments?post=1187"}],"version-history":[{"count":61,"href":"https:\/\/distribuidornbn.com.br\/index.php\/wp-json\/wp\/v2\/pages\/1187\/revisions"}],"predecessor-version":[{"id":2935,"href":"https:\/\/distribuidornbn.com.br\/index.php\/wp-json\/wp\/v2\/pages\/1187\/revisions\/2935"}],"wp:attachment":[{"href":"https:\/\/distribuidornbn.com.br\/index.php\/wp-json\/wp\/v2\/media?parent=1187"}],"curies":[{"name":"wp","href":"https:\/\/api.w.org\/{rel}","templated":true}]}}